{"id":29980,"date":"2021-06-09T08:56:08","date_gmt":"2021-06-09T06:56:08","guid":{"rendered":"https:\/\/cognac-raby.com\/?page_id=29980"},"modified":"2026-01-14T11:10:45","modified_gmt":"2026-01-14T10:10:45","slug":"book-your-visit","status":"publish","type":"page","link":"https:\/\/cognac-raby.com\/en\/book-your-visit\/","title":{"rendered":"BOOK YOUR VISIT"},"content":{"rendered":"<div class=\"wpb-content-wrapper\"><p>[vc_row full_width=&#8221;stretch_row_content_no_spaces&#8221; el_id=&#8221;topImg&#8221; el_class=&#8221;topImgvisite&#8221;][vc_column][vc_single_image image=&#8221;30000&#8243; img_size=&#8221;full&#8221; alignment=&#8221;center&#8221;][\/vc_column][\/vc_row][vc_row full_width=&#8221;stretch_row&#8221; css=&#8221;.vc_custom_1617287987196{background-color: #968d88 !important;}&#8221; el_id=&#8221;reservation&#8221;][vc_column width=&#8221;5\/6&#8243;][vc_column_text]<\/p>\n<p style=\"color: #ffffff; margin-top: 15px;\"><strong> BOOK YOUR VISIT <\/strong><\/p>\n<p>[\/vc_column_text][\/vc_column][vc_column width=&#8221;1\/6&#8243;][vc_btn title=&#8221;Click Here&#8221; shape=&#8221;square&#8221; color=&#8221;white&#8221; link=&#8221;url:https%3A%2F%2Fwww.ruedesvignerons.com%2Ffr%2Fdomaine%2F508%2Fcognac-raby|target:_blank&#8221;][\/vc_column][\/vc_row][vc_row full_width=&#8221;stretch_row&#8221; css=&#8221;.vc_custom_1616489905754{background-color: #f5f5f5 !important;}&#8221;][vc_column css=&#8221;.vc_custom_1617354053879{padding-top: 30px !important;}&#8221;][vc_custom_heading text=&#8221;Visit our Estate&#8221; font_container=&#8221;tag:h2|font_size:38.5|text_align:center&#8221; google_fonts=&#8221;font_family:Roboto%3A100%2C100italic%2C300%2C300italic%2Cregular%2Citalic%2C500%2C500italic%2C700%2C700italic%2C900%2C900italic|font_style:400%20regular%3A400%3Anormal&#8221; font_weight=&#8221;700&#8243; skin=&#8221;dark&#8221; animation_delay=&#8221;200&#8243; el_class=&#8221;mb-4 pt-1&#8243; animation_type=&#8221;fadeInUp&#8221;][\/vc_column][\/vc_row][vc_row full_width=&#8221;stretch_row&#8221; el_id=&#8221;visiteImg&#8221; css=&#8221;.vc_custom_1616489908946{background-color: #f5f5f5 !important;}&#8221;][vc_column css_animation=&#8221;fadeInUp&#8221; width=&#8221;1\/2&#8243; css=&#8221;.vc_custom_1618249328353{padding-top: 25px !important;}&#8221;][vc_column_text css_animation=&#8221;fadeInUp&#8221; css=&#8221;&#8221; css_params=&#8221;&#8221;]<strong>Ge\u0301rard, Ce\u0301cile and their team, offer a tour retracing all the stages of Cognac production.<\/strong><\/p>\n<p>The estate lies in the heart of Grande Champagne, and has been owned by the RABY family for five generations. G\u00e9rard and C\u00e9cile RABY invite you to the lands of the Chevalier de la Croix-Maron, the inventor of double distillation, to visit the G&amp;C RABY estate.<\/p>\n<p>Through this visit G\u00e9rard and C\u00e9cile Raby will retrace the history of the family, the working tools, the pot stills and the operation of distillation, the storage of the eaux-de-vie and the production of Cognac. This journey will end with a\u00a0 tasting.\u00a0 Visits are by appointment from Monday to Saturday at 9.30 am and 2:30 pm. The price of the visit is 7 euros \/ person.<\/p>\n<p>The visit \/ tasting lasts 1h30. The shop on our estate is open without appointment from Monday to Friday from 9 a.m. to 12 p.m. and from 2 p.m. to 6 p.m. Tours are either in French or in English. We receive from 2 to 50 people.[\/vc_column_text][\/vc_column][vc_column width=&#8221;1\/2&#8243; css=&#8221;.vc_custom_1617016217098{padding-top: 50px !important;}&#8221;][vc_single_image image=&#8221;29994&#8243; img_size=&#8221;medium&#8221; alignment=&#8221;center&#8221;][vc_custom_heading text=&#8221;G\u00e9rard &amp; C\u00e9cile RABY&#8221; font_container=&#8221;tag:p|text_align:center|color:%23969696&#8243; use_theme_fonts=&#8221;yes&#8221; letter_spacing=&#8221;2.5px&#8221; animation_delay=&#8221;600&#8243; el_class=&#8221;mb-3&#8243; animation_type=&#8221;fadeInUp&#8221;][\/vc_column][\/vc_row][vc_row wrap_container=&#8221;yes&#8221; content_placement=&#8221;middle&#8221; el_class=&#8221;pt-4&#8243; css=&#8221;.vc_custom_1618249359545{padding-bottom: 10px !important;}&#8221; el_id=&#8221;imgBorder1&#8243;][vc_column el_class=&#8221;mb-5 mb-lg-0&#8243; offset=&#8221;vc_col-md-6&#8243;][vc_custom_heading text=&#8221;The Estate&#8221; font_container=&#8221;tag:h2|font_size:38.5|text_align:left&#8221; google_fonts=&#8221;font_family:Roboto%3A100%2C100italic%2C300%2C300italic%2Cregular%2Citalic%2C500%2C500italic%2C700%2C700italic%2C900%2C900italic|font_style:400%20regular%3A400%3Anormal&#8221; font_weight=&#8221;700&#8243; skin=&#8221;dark&#8221; animation_delay=&#8221;200&#8243; el_class=&#8221;mb-4 pt-1&#8243; animation_type=&#8221;fadeInUp&#8221;][vc_custom_heading text=&#8221;The estate lies on the lands of the Chevalier de la Croix Maron, Lord of Segonzac, the main character in the legend of double distillation. The RABY family has owned this vineyard since 1884. During this time the vineyard grew in size from 1.5 hectares to 12.3 hectares before reaching its present 40 hectares of vines. Today, G\u00e9rard and C\u00e9cile RABY, father and daughter, are carrying on the family tradition with their own cognac brand. C\u00e9cile RABY represents the 5th generation of winegrowers but also the 3rd generation of distillers. Guy RABY took his first steps in distilling in the 1970s with a 12 hectolitre Charentais pot still.&#8221; font_container=&#8221;tag:p|text_align:justify|line_height:1.9&#8243; google_fonts=&#8221;font_family:Roboto%3A100%2C100italic%2C300%2C300italic%2Cregular%2Citalic%2C500%2C500italic%2C700%2C700italic%2C900%2C900italic|font_style:400%20regular%3A400%3Anormal&#8221; font_weight=&#8221;300&#8243; animation_delay=&#8221;400&#8243; el_class=&#8221;mb-4&#8243; animation_type=&#8221;fadeInUp&#8221;][vc_column_text css_animation=&#8221;fadeInUp&#8221; css=&#8221;.vc_custom_1623221697655{padding-top: 5% !important;padding-right: 5% !important;padding-bottom: 5% !important;padding-left: 5% !important;background-color: #f5f5f5 !important;}&#8221;]<img decoding=\"async\" class=\"aligncenter wp-image-29969 size-thumbnail\" src=\"https:\/\/cognac-raby.com\/wp-content\/uploads\/2021\/03\/HVE_exploitation_ocre-150x150.png\" alt=\"\" width=\"100\" height=\"100\" \/><\/p>\n<p>We have been certified HVE level 3 (High Environmental Value) since 30 August 2017.<br \/>\nWe are committed to respecting our terroir and preserving a natural eco system. This certification is based on sustainable agriculture.[\/vc_column_text][\/vc_column][vc_column width=&#8221;5\/6&#8243; el_class=&#8221;pl-lg-5 p-relative-column mx-auto&#8221; offset=&#8221;vc_col-md-6&#8243;][vc_single_image image=&#8221;30001&#8243; img_size=&#8221;600px&#8221; alignment=&#8221;center&#8221; animation_duration=&#8221;&#8221; animation_delay=&#8221;&#8221; el_id=&#8221;imgBorder1&#8243;][\/vc_column][\/vc_row][vc_row full_width=&#8221;stretch_row&#8221; wrap_container=&#8221;yes&#8221; content_placement=&#8221;middle&#8221; el_class=&#8221;pt-4&#8243; css=&#8221;.vc_custom_1617092203339{border-bottom-width: 0px !important;padding-bottom: 0px !important;background-color: #e2ad26 !important;border-bottom-color: rgba(255,255,255,0.06) !important;border-bottom-style: solid !important;}&#8221; el_id=&#8221;imgBorder2&#8243;][vc_column el_class=&#8221;mb-5 mb-lg-0&#8243; offset=&#8221;vc_col-md-6&#8243;][vc_single_image image=&#8221;30002&#8243; img_size=&#8221;600px&#8221; alignment=&#8221;center&#8221; animation_duration=&#8221;&#8221; animation_delay=&#8221;&#8221; el_id=&#8221;imgBorder2&#8243;][\/vc_column][vc_column width=&#8221;5\/6&#8243; el_class=&#8221;pl-lg-5 p-relative-column mx-auto&#8221; offset=&#8221;vc_col-md-6&#8243;][vc_custom_heading text=&#8221;The Vineyard&#8221; font_container=&#8221;tag:h2|font_size:38.5|text_align:left|color:%23ffffff&#8221; google_fonts=&#8221;font_family:Roboto%3A100%2C100italic%2C300%2C300italic%2Cregular%2Citalic%2C500%2C500italic%2C700%2C700italic%2C900%2C900italic|font_style:400%20regular%3A400%3Anormal&#8221; font_weight=&#8221;700&#8243; skin=&#8221;light&#8221; animation_delay=&#8221;200&#8243; animation_type=&#8221;fadeInUp&#8221;][vc_custom_heading text=&#8221;Most of the vineyard is planted on the south-facing hillsides of Segonzac. All the vines benefit from the quality of the land of Grande Champagne, a chalky soil made up of clay, which retains moisture in periods of severe drought, and soft limestone which helps drain excess rainwater. This terroir gives the eaux-de-vie predominantly floral aromas, of honeysuckle and vine flower, with pronounced finesse during tasting and great smoothness.&#8221; font_container=&#8221;tag:p|text_align:justify|color:%23ffffff|line_height:1.9&#8243; use_theme_fonts=&#8221;yes&#8221; font_weight=&#8221;300&#8243; animation_delay=&#8221;400&#8243; el_class=&#8221;mb-4&#8243; animation_type=&#8221;fadeInUp&#8221;][vc_column_text css_animation=&#8221;fadeInUp&#8221; el_id=&#8221;hideBlock&#8221;]<img decoding=\"async\" class=\"size-medium wp-image-29998 aligncenter\" src=\"https:\/\/cognac-raby.com\/wp-content\/uploads\/2021\/03\/logo_p4n_web_vertical_white-300x279.png\" alt=\"\" width=\"100\" height=\"279\" \/><\/p>\n<p style=\"text-align: justify;\"><span style=\"color: #ffffff;\">R\u00e9f\u00e9renc\u00e9s sur <a style=\"color: #ffffff;\" href=\"https:\/\/www.park4night.com\/\" target=\"_blank\" rel=\"noopener\"><strong>PARK 4 NIGHT<\/strong><\/a>, nous accueillons gratuitement les camping-cars pour une nuit\u00e9e sur notre exploitation.<\/span><\/p>\n<p>[\/vc_column_text][\/vc_column][\/vc_row][vc_row full_width=&#8221;stretch_row&#8221; el_class=&#8221;hideBlock&#8221;][vc_column][vc_single_image image=&#8221;29997&#8243; img_size=&#8221;200px&#8221; alignment=&#8221;center&#8221; css=&#8221;.vc_custom_1618249422595{margin-bottom: 0px !important;border-bottom-width: 0px !important;padding-bottom: 0px !important;}&#8221; animation_type=&#8221;fadeInUp&#8221;][vc_column_text css_animation=&#8221;fadeInUp&#8221;]<\/p>\n<p style=\"text-align: center;\">On <strong>PARK 4 NIGHT<\/strong>, we welcome trailers for a night on our estate.<\/p>\n<p>[\/vc_column_text][\/vc_column][\/vc_row][vc_row full_width=&#8221;stretch_row&#8221; disable_element=&#8221;yes&#8221; el_id=&#8221;imgBorder3&#8243; css=&#8221;.vc_custom_1617092391764{background-color: #e2ad26 !important;}&#8221;][vc_column][vc_single_image image=&#8221;29999&#8243; img_size=&#8221;200px&#8221; alignment=&#8221;center&#8221; css=&#8221;.vc_custom_1617091931627{margin-bottom: 0px !important;border-bottom-width: 0px !important;padding-bottom: 0px !important;}&#8221;][vc_column_text]<\/p>\n<p style=\"text-align: center;\"><span style=\"color: #ffffff;\">R\u00e9f\u00e9renc\u00e9s sur <strong>PARK 4 NIGHT<\/strong>, nous accueillons gratuitement les<\/span><br \/>\n<span style=\"color: #ffffff;\">camping-cars pour une nuit\u00e9e sur notre exploitation.<\/span><\/p>\n<p>[\/vc_column_text][\/vc_column][\/vc_row][vc_row full_width=&#8221;stretch_row_content_no_spaces&#8221; wrap_container=&#8221;yes&#8221; content_placement=&#8221;middle&#8221; animation_duration=&#8221;0&#8243; animation_delay=&#8221;&#8221; css=&#8221;.vc_custom_1616487579542{padding-top: 88px !important;padding-bottom: 88px !important;background-color: #000000 !important;}&#8221;][vc_column animation_delay=&#8221;1600&#8243; el_class=&#8221;mb-5 mb-xl-0&#8243; offset=&#8221;vc_col-lg-3&#8243; animation_type=&#8221;fadeInRight&#8221;]<div class=\"porto-sicon-box top-n1-icon-box mb-3 justify-content-center justify-content-xl-start  wpb_custom_74c312c6382c672d88415152636ca045 style_1 default-icon\"><div class=\"porto-sicon-default\"><div class=\"porto-just-icon-wrapper porto-icon none\" style=\"color:#ad9263;font-size:23.1px;margin-right:12px;\"><i class=\"Simple-Line-Icons-phone\"><\/i><\/div><\/div><div class=\"porto-sicon-header\"><a class=\"porto-sicon-box-link\" href=\"tel:+1234567890\"><h3 class=\"porto-sicon-title\" style=\"font-weight:700;font-size:21px;color:#ffffff;line-height:24px;letter-spacing:0;\">05 45 83 35 69<\/h3><\/a><\/div> <!-- header --><\/div><!-- porto-sicon-box --><div class=\"porto-sicon-box top-n1-icon-box mb-3 justify-content-center justify-content-xl-start  wpb_custom_74c312c6382c672d88415152636ca045 style_1 default-icon\"><div class=\"porto-sicon-default\"><div class=\"porto-just-icon-wrapper porto-icon none\" style=\"color:#ad9263;font-size:23.1px;margin-right:12px;\"><i class=\"Simple-Line-Icons-user\"><\/i><\/div><\/div><div class=\"porto-sicon-header\"><a class=\"porto-sicon-box-link\" href=\"tel:+1234567890\"><h3 class=\"porto-sicon-title\" style=\"font-weight:700;font-size:21px;color:#ffffff;line-height:24px;letter-spacing:0;\">06 15 68 21 54<\/h3><\/a><\/div> <!-- header --><\/div><!-- porto-sicon-box --><div class=\"porto-sicon-box top-2-icon-box mb-3 justify-content-center justify-content-xl-start  wpb_custom_74c312c6382c672d88415152636ca045 style_1 default-icon\"><div class=\"porto-sicon-default\"><div class=\"porto-just-icon-wrapper porto-icon none\" style=\"color:#ad9263;font-size:25.2px;margin-right:12px;\"><i class=\"Simple-Line-Icons-envelope\"><\/i><\/div><\/div><div class=\"porto-sicon-header\"><a class=\"porto-sicon-box-link\" href=\"mailto:contact@cognac-raby.com\"><h3 class=\"porto-sicon-title\" style=\"font-size:16.8px;color:#ffffff;line-height:24px;letter-spacing:0;\">contact@cognac-raby.com<\/h3><\/a><\/div> <!-- header --><\/div><!-- porto-sicon-box --><div class=\"porto-sicon-box top-n1-icon-box mb-0 justify-content-center justify-content-xl-start  wpb_custom_74c312c6382c672d88415152636ca045 style_1 default-icon\"><div class=\"porto-sicon-default\"><div class=\"porto-just-icon-wrapper porto-icon none\" style=\"color:#ad9263;font-size:25.2px;margin-right:12px;\"><i class=\"Simple-Line-Icons-calendar\"><\/i><\/div><\/div><div class=\"porto-sicon-header\"><h3 class=\"porto-sicon-title\" style=\"font-size:1.2em;color:#ffffff;line-height:24px;letter-spacing:0;\">Monday to friday &gt; 9h - 12pm and from 2pm - 6pm<\/h3><\/div> <!-- header --><\/div><!-- porto-sicon-box --><div class=\"porto-sicon-box top-n1-icon-box mb-0 justify-content-center justify-content-xl-start  wpb_custom_74c312c6382c672d88415152636ca045 style_1 default-icon\"><div class=\"porto-sicon-default\"><div class=\"porto-just-icon-wrapper porto-icon none\" style=\"color:#ad9263;font-size:25.2px;margin-right:12px;\"><i class=\"Simple-Line-Icons-user\"><\/i><\/div><\/div><div class=\"porto-sicon-header\"><h3 class=\"porto-sicon-title\" style=\"font-size:1.2em;color:#ffffff;line-height:24px;letter-spacing:0;\">Saturday, Sunday &gt; by appointment<\/h3><\/div> <!-- header --><\/div><!-- porto-sicon-box -->[\/vc_column][vc_column offset=&#8221;vc_col-lg-6&#8243; el_class=&#8221;mb-5 mb-xl-0&#8243;][vc_custom_heading text=&#8221;Get in Touch&#8221; font_container=&#8221;tag:h3|font_size:1.2em|text_align:center|line_height:24px&#8221; google_fonts=&#8221;font_family:Roboto%3A100%2C100italic%2C300%2C300italic%2Cregular%2Citalic%2C500%2C500italic%2C700%2C700italic%2C900%2C900italic|font_style:400%20regular%3A400%3Anormal&#8221; text_transform=&#8221;text-uppercase&#8221; font_weight=&#8221;600&#8243; skin=&#8221;light&#8221; letter_spacing=&#8221;-0.05em&#8221; animation_delay=&#8221;500&#8243; el_class=&#8221;opacity-9 mb-1&#8243; animation_type=&#8221;lightSpeedIn&#8221;][vc_custom_heading text=&#8221;Contact Us&#8221; font_container=&#8221;tag:h2|font_size:2.75em|text_align:center&#8221; google_fonts=&#8221;font_family:Roboto%3A100%2C100italic%2C300%2C300italic%2Cregular%2Citalic%2C500%2C500italic%2C700%2C700italic%2C900%2C900italic|font_style:400%20regular%3A400%3Anormal&#8221; font_weight=&#8221;700&#8243; skin=&#8221;light&#8221; letter_spacing=&#8221;-1px&#8221; animation_delay=&#8221;750&#8243; el_class=&#8221;mb-2 font-style-normal&#8221; animation_type=&#8221;lightSpeedIn&#8221;][\/vc_column][vc_column animation_delay=&#8221;1600&#8243; offset=&#8221;vc_col-lg-3&#8243; el_class=&#8221;text-center text-xl-right&#8221; animation_type=&#8221;fadeInLeft&#8221;][vc_btn title=&#8221;Contact&#8221; skin=&#8221;primary&#8221; btn_fw=&#8221;600&#8243; link=&#8221;url:https%3A%2F%2Fcognac-raby.com%2Fcontact%2F%3Flang%3Den|title:Contact&#8221; btn_px=&#8221;2.4rem&#8221; btn_py=&#8221;1.25rem&#8221; el_class=&#8221;text-uppercase mb-0&#8243;][\/vc_column][\/vc_row]<\/p>\n<\/div>","protected":false},"excerpt":{"rendered":"<p>[vc_row full_width=&#8221;stretch_row_content_no_spaces&#8221; el_id=&#8221;topImg&#8221; el_class=&#8221;topImgvisite&#8221;][vc_column][vc_single_image image=&#8221;30000&#8243; img_size=&#8221;full&#8221; alignment=&#8221;center&#8221;][\/vc_column][\/vc_row][vc_row full_width=&#8221;stretch_row&#8221; css=&#8221;.vc_custom_1617287987196{background-color: #968d88 !important;}&#8221; el_id=&#8221;reservation&#8221;][vc_column width=&#8221;5\/6&#8243;][vc_column_text] BOOK YOUR VISIT [\/vc_column_text][\/vc_column][vc_column width=&#8221;1\/6&#8243;][vc_btn title=&#8221;Click Here&#8221; shape=&#8221;square&#8221; color=&#8221;white&#8221; link=&#8221;url:https%3A%2F%2Fwww.ruedesvignerons.com%2Ffr%2Fdomaine%2F508%2Fcognac-raby|target:_blank&#8221;][\/vc_column][\/vc_row][vc_row full_width=&#8221;stretch_row&#8221; css=&#8221;.vc_custom_1616489905754{background-color: #f5f5f5 !important;}&#8221;][vc_column css=&#8221;.vc_custom_1617354053879{padding-top: 30px !important;}&#8221;][vc_custom_heading text=&#8221;Visit our Estate&#8221; font_container=&#8221;tag:h2|font_size:38.5|text_align:center&#8221; google_fonts=&#8221;font_family:Roboto%3A100%2C100italic%2C300%2C300italic%2Cregular%2Citalic%2C500%2C500italic%2C700%2C700italic%2C900%2C900italic|font_style:400%20regular%3A400%3Anormal&#8221; font_weight=&#8221;700&#8243; skin=&#8221;dark&#8221; animation_delay=&#8221;200&#8243; el_class=&#8221;mb-4 pt-1&#8243; animation_type=&#8221;fadeInUp&#8221;][\/vc_column][\/vc_row][vc_row full_width=&#8221;stretch_row&#8221; el_id=&#8221;visiteImg&#8221; css=&#8221;.vc_custom_1616489908946{background-color: #f5f5f5 !important;}&#8221;][vc_column css_animation=&#8221;fadeInUp&#8221; width=&#8221;1\/2&#8243; css=&#8221;.vc_custom_1618249328353{padding-top: 25px !important;}&#8221;][vc_column_text css_animation=&#8221;fadeInUp&#8221; css=&#8221;&#8221; css_params=&#8221;&#8221;]Ge\u0301rard, Ce\u0301cile [&hellip;]<\/p>\n","protected":false},"author":2,"featured_media":0,"parent":0,"menu_order":0,"comment_status":"closed","ping_status":"closed","template":"","meta":{"om_disable_all_campaigns":false,"_monsterinsights_skip_tracking":false,"_monsterinsights_sitenote_active":false,"_monsterinsights_sitenote_note":"","_monsterinsights_sitenote_category":0,"footnotes":""},"class_list":["post-29980","page","type-page","status-publish","hentry"],"aioseo_notices":[],"_links":{"self":[{"href":"https:\/\/cognac-raby.com\/en\/wp-json\/wp\/v2\/pages\/29980","targetHints":{"allow":["GET"]}}],"collection":[{"href":"https:\/\/cognac-raby.com\/en\/wp-json\/wp\/v2\/pages"}],"about":[{"href":"https:\/\/cognac-raby.com\/en\/wp-json\/wp\/v2\/types\/page"}],"author":[{"embeddable":true,"href":"https:\/\/cognac-raby.com\/en\/wp-json\/wp\/v2\/users\/2"}],"replies":[{"embeddable":true,"href":"https:\/\/cognac-raby.com\/en\/wp-json\/wp\/v2\/comments?post=29980"}],"version-history":[{"count":16,"href":"https:\/\/cognac-raby.com\/en\/wp-json\/wp\/v2\/pages\/29980\/revisions"}],"predecessor-version":[{"id":31045,"href":"https:\/\/cognac-raby.com\/en\/wp-json\/wp\/v2\/pages\/29980\/revisions\/31045"}],"wp:attachment":[{"href":"https:\/\/cognac-raby.com\/en\/wp-json\/wp\/v2\/media?parent=29980"}],"curies":[{"name":"wp","href":"https:\/\/api.w.org\/{rel}","templated":true}]}}